{"id":986,"date":"2024-11-28T08:56:30","date_gmt":"2024-11-28T07:56:30","guid":{"rendered":"https:\/\/www.lesigne.be\/?page_id=986"},"modified":"2024-11-28T08:56:31","modified_gmt":"2024-11-28T07:56:31","slug":"philosophie-de-travail","status":"publish","type":"page","link":"https:\/\/www.lesigne.be\/index.php\/philosophie-de-travail\/","title":{"rendered":"Philosophie de travail"},"content":{"rendered":"\n<p>Dans un contexte de d\u00e9saffiliation probant, Le Signe se positionne comme un service visible et proactif, avec lequel le jeune vuln\u00e9rable, sa famille et ses familiers peuvent construire et entretenir un lien de confiance direct.<\/p>\n\n\n\n<p>La cr\u00e9ation et le maintien de celui-ci doit faciliter l\u2019\u00e9mergence de la demande, l\u2019identification des besoins, \u00e0 partir desquels Le Signe initie ses actions de pr\u00e9vention sociale et \u00e9ducative (rep\u00e9rer les signes).Les jeunes et leurs familles y sont reconnus dans leurs difficult\u00e9s, d\u2019abord, mais aussi dans leurs comp\u00e9tences, qui sont valoris\u00e9es. Dans une perspective d\u2019autonomisation, de responsabilisation, d\u2019\u00e9mancipation et d\u2019insertion sociale, l\u2019AMO est la structure qui leur offre l\u2019opportunit\u00e9 d\u2019\u00eatre des acteurs de changements, tant dans les difficult\u00e9s auxquelles ils sont confront\u00e9s, que dans les politiques qui les concernent.<\/p>\n","protected":false},"excerpt":{"rendered":"<p>Dans un contexte de d\u00e9saffiliation probant, Le Signe se positionne comme un service visible et proactif, avec lequel le jeune vuln\u00e9rable, sa famille et ses familiers peuvent construire et entretenir un lien de confiance direct. La cr\u00e9ation et le maintien de celui-ci doit faciliter l\u2019\u00e9mergence de la demande, l\u2019identification des besoins, \u00e0 partir desquels Le&hellip;<\/p>\n","protected":false},"author":2,"featured_media":0,"parent":0,"menu_order":0,"comment_status":"closed","ping_status":"closed","template":"","meta":{"footnotes":""},"class_list":["post-986","page","type-page","status-publish","hentry","description-off"],"_links":{"self":[{"href":"https:\/\/www.lesigne.be\/index.php\/wp-json\/wp\/v2\/pages\/986","targetHints":{"allow":["GET"]}}],"collection":[{"href":"https:\/\/www.lesigne.be\/index.php\/wp-json\/wp\/v2\/pages"}],"about":[{"href":"https:\/\/www.lesigne.be\/index.php\/wp-json\/wp\/v2\/types\/page"}],"author":[{"embeddable":true,"href":"https:\/\/www.lesigne.be\/index.php\/wp-json\/wp\/v2\/users\/2"}],"replies":[{"embeddable":true,"href":"https:\/\/www.lesigne.be\/index.php\/wp-json\/wp\/v2\/comments?post=986"}],"version-history":[{"count":1,"href":"https:\/\/www.lesigne.be\/index.php\/wp-json\/wp\/v2\/pages\/986\/revisions"}],"predecessor-version":[{"id":987,"href":"https:\/\/www.lesigne.be\/index.php\/wp-json\/wp\/v2\/pages\/986\/revisions\/987"}],"wp:attachment":[{"href":"https:\/\/www.lesigne.be\/index.php\/wp-json\/wp\/v2\/media?parent=986"}],"curies":[{"name":"wp","href":"https:\/\/api.w.org\/{rel}","templated":true}]}}