{"id":74,"date":"2016-06-08T22:54:25","date_gmt":"2016-06-08T21:54:25","guid":{"rendered":"http:\/\/www.lesigne.be\/?page_id=74"},"modified":"2026-03-16T15:28:56","modified_gmt":"2026-03-16T14:28:56","slug":"prevention-educative","status":"publish","type":"page","link":"https:\/\/www.lesigne.be\/index.php\/prevention-educative\/","title":{"rendered":"Actions de pr\u00e9vention \u00e9ducative individuelle"},"content":{"rendered":"\t\t<div data-elementor-type=\"wp-page\" data-elementor-id=\"74\" class=\"elementor elementor-74\">\n\t\t\t\t\t\t<section class=\"elementor-section elementor-top-section elementor-element elementor-element-819f668 elementor-section-boxed elementor-section-height-default elementor-section-height-default\" data-id=\"819f668\" data-element_type=\"section\" data-e-type=\"section\">\n\t\t\t\t\t\t<div class=\"elementor-container elementor-column-gap-default\">\n\t\t\t\t\t<div class=\"elementor-column elementor-col-100 elementor-top-column elementor-element elementor-element-deac763\" data-id=\"deac763\" data-element_type=\"column\" data-e-type=\"column\">\n\t\t\t<div class=\"elementor-widget-wrap elementor-element-populated\">\n\t\t\t\t\t\t<div class=\"elementor-element elementor-element-bca7513 elementor-widget elementor-widget-text-editor\" data-id=\"bca7513\" data-element_type=\"widget\" data-e-type=\"widget\" data-widget_type=\"text-editor.default\">\n\t\t\t\t<div class=\"elementor-widget-container\">\n\t\t\t\t\t\t\t\t\t<p><strong>Les actions de pr\u00e9vention \u00e9ducative individuelle comprennent principalement :<\/strong><\/p><ul><li>Un travail d\u2019\u00e9coute et de valorisation.<\/li><li>Une orientation.<\/li><li>Un accompagnement individuel.<\/li><li>Une mise en oeuvre d\u2019outils de m\u00e9diation entre le jeune, sa famille et ses familiers ainsi qu\u2019un soutien \u00e0 celle-ci dans l\u2019exercice de ses responsabilit\u00e9s parentales.<\/li><\/ul><p><strong>L\u2019action de pr\u00e9vention \u00e9ducative individuelle peut :<\/strong><\/p><ul><li>\u00catre sollicit\u00e9e par le jeune, sa famille et ses familiers.<\/li><li>\u00catre propos\u00e9e par le service au jeune, sa famille et ses familiers.<\/li><li>R\u00e9sulter d\u2019une orientation.<\/li><li>S\u2019\u00e9teindre \u00e0 tout moment \u00e0 la demande du jeune.<\/li><\/ul><p>Par ailleurs, les demandes d\u2019actions de pr\u00e9vention \u00e9ducative individuelle peuvent aboutir sur des actions collectives en vue d\u2019initier et de renforcer des liens de confiance entre les b\u00e9n\u00e9ficiaires et le service ainsi que de faciliter l\u2019\u00e9mergence de la parole des jeunes.<\/p><p>Les actions de pr\u00e9vention \u00e9ducative individuelle sont\u00a0<strong>gratuites,\u00a0<\/strong>exclues de toutes prises en charge th\u00e9rapeutiques. Le service orientera\u00a0<strong>prioritairement<\/strong>\u00a0les demandes vers tout service appropri\u00e9 en fonction de la situation expos\u00e9e par le jeune, sa famille et ses familiers.<\/p><p>Concr\u00e8tement :<\/p><h3>L\u2019action de pr\u00e9vention \u00e9ducative individuelle consiste en une intervention sociale et \u00e9ducative qui peut se traduire par un travail d\u2019\u00e9coute et d\u2019accompagnement visant \u00e0 aider le jeune dans diff\u00e9rents domaines :<\/h3><h4>familial, social, scolaire, administratif, juridique, professionnel et \u00e9conomique.<\/h4><p>De mani\u00e8re plus d\u00e9taill\u00e9e :<\/p><p>L\u2019aide vise l\u2019autonomie, l\u2019\u00e9panouissement et le bien-\u00eatre du jeune notamment en am\u00e9liorant ou consolidant son adaptation dans son milieu de familial et\/ou dans la soci\u00e9t\u00e9 qui l\u2019entoure. Dans cet ordre, le jeune seul ou avec sa famille ou ses familiers d\u00e9cide avec le service si un accompagnement individuel du jeune est entrepris.<\/p><p>Pour atteindre cet objectif, le travail se r\u00e9alise de mani\u00e8re globale en tenant compte de l\u2019entourage familial et plus particuli\u00e8rement du r\u00f4le \u00e9ducatif important des parents qu\u2019ils peuvent exercer de mani\u00e8re constructive.<\/p><p>Si le service ne peut r\u00e9pondre \u00e0 la demande qui lui a \u00e9t\u00e9 formul\u00e9e, le jeune et\/ou sa famille sera orient\u00e9 vers une structure ad\u00e9quate. Toutefois, l\u2019AMO peut apporter le soutien n\u00e9cessaire au\u00a0 jeune afin de lui permettre d\u2019exercer ses droits et utiliser tout moyen d\u2019interpellation.<\/p><h3>Nos permanences sont :<\/h3><p style=\"margin-bottom: var(--the7-h4-spacing); color: #7a7a7a; font-style: normal; font-variant-ligatures: normal; font-variant-caps: normal; text-transform: none; letter-spacing: normal; word-spacing: 0px; text-decoration-thickness: initial; text-decoration-style: initial; text-decoration-color: initial; text-align: left;\">Lundi\u00a0de 16h \u00e0 18h \u00e0 la\u00a0<a href=\"https:\/\/www.google.be\/maps\/place\/Rue+Joseph+Wauters+156,+6000+Charleroi\/@50.4280383,4.4610592,17z\/data=!3m1!4b1!4m5!3m4!1s0x47c2261e27b0bd2d:0x1a337fe3888f713c!8m2!3d50.4280359!4d4.4626068\" target=\"_blank\" rel=\"noopener\">salle ALPHA rue d\u2019Himeji (rue Wauters) 156 \u00e0 6000 Charleroi<\/a><\/p><p style=\"margin-bottom: var(--the7-h4-spacing); color: #7a7a7a; font-style: normal; font-variant-ligatures: normal; font-variant-caps: normal; text-transform: none; letter-spacing: normal; word-spacing: 0px; text-decoration-thickness: initial; text-decoration-style: initial; text-decoration-color: initial; text-align: left;\">Mercredi\u00a0de 13h \u00e0 17h \u00e0 l\u2019<a href=\"https:\/\/www.google.be\/maps\/place\/Rue+du+Laboratoire+27,+6000+Charleroi\/@50.41276,4.444428,17z\/data=!3m1!4b1!4m5!3m4!1s0x47c2260c1baa1551:0x99c65717f4b39767!8m2!3d50.4127566!4d4.4466167\" target=\"_blank\" rel=\"noopener\">AMO rue du laboratoire 27 \u00e0 6000 Charleroi<\/a>\u00a0<\/p><p style=\"margin-bottom: var(--the7-h4-spacing); color: #7a7a7a; font-style: normal; font-variant-ligatures: normal; font-variant-caps: normal; text-transform: none; letter-spacing: normal; word-spacing: 0px; text-decoration-thickness: initial; text-decoration-style: initial; text-decoration-color: initial; text-align: left;\">Jeudi\u00a0de 17h \u00e0 18h \u00e0 l\u2019<a href=\"https:\/\/www.google.be\/maps\/place\/Rue+du+Laboratoire+27,+6000+Charleroi\/@50.41276,4.444428,17z\/data=!3m1!4b1!4m5!3m4!1s0x47c2260c1baa1551:0x99c65717f4b39767!8m2!3d50.4127566!4d4.4466167\" target=\"_blank\" rel=\"noopener\">AMO rue du laboratoire 27 \u00e0 6000 Charleroi<\/a><\/p><p style=\"margin-bottom: var(--the7-h4-spacing); color: #7a7a7a; font-style: normal; font-variant-ligatures: normal; font-variant-caps: normal; text-transform: none; letter-spacing: normal; word-spacing: 0px; text-decoration-thickness: initial; text-decoration-style: initial; text-decoration-color: initial; text-align: left;\">Le deuxi\u00e8me samedi\u00a0de chaque mois de 09h \u00e0 12h \u00e0 l\u2019<a href=\"https:\/\/www.google.be\/maps\/place\/Rue+du+Laboratoire+27,+6000+Charleroi\/@50.41276,4.444428,17z\/data=!3m1!4b1!4m5!3m4!1s0x47c2260c1baa1551:0x99c65717f4b39767!8m2!3d50.4127566!4d4.4466167\" target=\"_blank\" rel=\"noopener\">AMO rue du laboratoire 27 \u00e0 6000 Charleroi<\/a> &#8211; Attention cette permanence peut \u00eatre remplac\u00e9e par une activit\u00e9 collective, veuillez appeler le service la veille du samedi.<\/p><p style=\"margin-bottom: var(--the7-h4-spacing); color: #7a7a7a; font-style: normal; font-variant-ligatures: normal; font-variant-caps: normal; text-transform: none; letter-spacing: normal; word-spacing: 0px; text-decoration-thickness: initial; text-decoration-style: initial; text-decoration-color: initial; text-align: left;\">Ces permanences sont maintenues durant toute l\u2019ann\u00e9e \u00e0 l\u2019exception des jours f\u00e9ri\u00e9s.<\/p>\t\t\t\t\t\t\t\t<\/div>\n\t\t\t\t<\/div>\n\t\t\t\t\t<\/div>\n\t\t<\/div>\n\t\t\t\t\t<\/div>\n\t\t<\/section>\n\t\t\t\t<\/div>\n\t\t","protected":false},"excerpt":{"rendered":"<p>Les actions de pr\u00e9vention \u00e9ducative individuelle comprennent principalement : Un travail d\u2019\u00e9coute et de valorisation. Une orientation. Un accompagnement individuel. Une mise en oeuvre d\u2019outils de m\u00e9diation entre le jeune, sa famille et ses familiers ainsi qu\u2019un soutien \u00e0 celle-ci dans l\u2019exercice de ses responsabilit\u00e9s parentales. L\u2019action de pr\u00e9vention \u00e9ducative individuelle peut : \u00catre sollicit\u00e9e&hellip;<\/p>\n","protected":false},"author":2,"featured_media":0,"parent":0,"menu_order":0,"comment_status":"closed","ping_status":"closed","template":"","meta":{"footnotes":""},"class_list":["post-74","page","type-page","status-publish","hentry"],"_links":{"self":[{"href":"https:\/\/www.lesigne.be\/index.php\/wp-json\/wp\/v2\/pages\/74","targetHints":{"allow":["GET"]}}],"collection":[{"href":"https:\/\/www.lesigne.be\/index.php\/wp-json\/wp\/v2\/pages"}],"about":[{"href":"https:\/\/www.lesigne.be\/index.php\/wp-json\/wp\/v2\/types\/page"}],"author":[{"embeddable":true,"href":"https:\/\/www.lesigne.be\/index.php\/wp-json\/wp\/v2\/users\/2"}],"replies":[{"embeddable":true,"href":"https:\/\/www.lesigne.be\/index.php\/wp-json\/wp\/v2\/comments?post=74"}],"version-history":[{"count":38,"href":"https:\/\/www.lesigne.be\/index.php\/wp-json\/wp\/v2\/pages\/74\/revisions"}],"predecessor-version":[{"id":1076,"href":"https:\/\/www.lesigne.be\/index.php\/wp-json\/wp\/v2\/pages\/74\/revisions\/1076"}],"wp:attachment":[{"href":"https:\/\/www.lesigne.be\/index.php\/wp-json\/wp\/v2\/media?parent=74"}],"curies":[{"name":"wp","href":"https:\/\/api.w.org\/{rel}","templated":true}]}}