{"id":72,"date":"2016-06-08T22:54:10","date_gmt":"2016-06-08T21:54:10","guid":{"rendered":"http:\/\/www.lesigne.be\/?page_id=72"},"modified":"2020-01-08T08:49:33","modified_gmt":"2020-01-08T07:49:33","slug":"prevention-sociale","status":"publish","type":"page","link":"https:\/\/www.lesigne.be\/index.php\/prevention-sociale\/","title":{"rendered":"Actions collectives de pr\u00e9vention \u00e9ducative et sociale"},"content":{"rendered":"<div class=\"wpb-content-wrapper\"><p>[vc_row type=\u00a0\u00bb1&Prime; margin_top=\u00a0\u00bb-50&Prime; margin_bottom=\u00a0\u00bb-50&Prime; padding_top=\u00a0\u00bb50&Prime; padding_bottom=\u00a0\u00bb50&Prime; bg_color=\u00a0\u00bb#ffffff\u00a0\u00bb][vc_column][vc_column_text]<\/p>\n<h3>Les actions collectives de pr\u00e9vention \u00e9ducative et sociale visent \u00e0 agir sur l&rsquo;environnement social des jeunes afin de le rendre plus propice \u00e0 leur \u00e9panouissement et \u00e0 leur \u00e9mancipation. Elles visent \u00e9galement \u00e0 apporter une r\u00e9ponse globale \u00e0 des probl\u00e8mes individuels et collectifs ainsi qu&rsquo;\u00e0 d\u00e9velopper une dynamique de r\u00e9seau.<\/h3>\n<div class=\"gap\" style=\"line-height: 10px; height: 10px;\"><\/div>\n<h5>Cr\u00e9atrice de liens sociaux,\u2026m\u00e9thode d\u2019intervention particuli\u00e8re<\/h5>\n<p>Le travail permanent de pr\u00e9vention a pour objectif de renforcer l\u2019\u00e9panouissement de tous et de d\u00e9samorcer des comportements de d\u00e9gradation du lien social et relationnel, mais aussi d&rsquo;agir pr\u00e9cocement sur tout dysfonctionnement pr\u00e9judiciable au jeune et \u00e0 son environnement. Cette pr\u00e9vention est g\u00e9n\u00e9rale dans le sens o\u00f9 elle concerne tous les domaines de la vie sociale, personnelle des jeunes et dans les environnements qui les concernent (la famille, l\u2019\u00e9cole, le quartier, la culture,\u2026).<\/p>\n<p>Il s\u2019agit aussi d\u2019un travail de partenariat avec le tissu associatif, culturel, politique\u2026 afin de d\u00e9velopper des projets pr\u00e9cis et de pouvoir \u00e9laborer des diagnostics locaux. La d\u00e9marche est active, orient\u00e9e vers le jeune et vise \u00e0 aller \u00e0 sa rencontre dans son milieu de vie.<\/p>\n<p><strong>Concr\u00e8tement, le service :<\/strong><\/p>\n<ul>\n<li>D\u00e9veloppe des actions collectives avec les jeunes en interaction avec leur milieu de vie.<\/li>\n<li>D\u00e9veloppe des actions collectives de pr\u00e9vention et de sensibilisation au b\u00e9n\u00e9fice des jeunes et de leur famille.<\/li>\n<li>Relaie l&rsquo;expression des jeunes et de leur famille, leurs besoins et leurs difficult\u00e9s aupr\u00e8s des instances sociales, administratives et politiques et les interpelle si n\u00e9cessaire.<\/li>\n<\/ul>\n<div class=\"gap\" style=\"line-height: 10px; height: 10px;\"><\/div>\n<h5>La dynamique de r\u00e9seau<\/h5>\n<p>La synergie de r\u00e9seau est un principe central de l\u2019action de pr\u00e9vention sociale. Elle se fait \u00e0 deux niveaux ; d\u2019une part les actions de proximit\u00e9 aupr\u00e8s des jeunes et de leurs parents et d\u2019autre part les r\u00e9seaux de professionnels.<\/p>\n<p>Elle tient compte des ressources locales comp\u00e9tentes dans l\u2019apport de r\u00e9ponses concr\u00e8tes aux jeunes et leurs familles.[\/vc_column_text][\/vc_column][\/vc_row]<\/p>\n<\/div>","protected":false},"excerpt":{"rendered":"<p>[vc_row type=\u00a0\u00bb1&Prime; margin_top=\u00a0\u00bb-50&Prime; margin_bottom=\u00a0\u00bb-50&Prime; padding_top=\u00a0\u00bb50&Prime; padding_bottom=\u00a0\u00bb50&Prime; bg_color=\u00a0\u00bb#ffffff\u00a0\u00bb][vc_column][vc_column_text] Les actions collectives de pr\u00e9vention \u00e9ducative et sociale visent \u00e0 agir sur l&rsquo;environnement social des jeunes afin de le rendre plus propice \u00e0 leur \u00e9panouissement et \u00e0 leur \u00e9mancipation. Elles visent \u00e9galement \u00e0 apporter une r\u00e9ponse globale \u00e0 des probl\u00e8mes individuels et collectifs ainsi qu&rsquo;\u00e0 d\u00e9velopper une dynamique&hellip;<\/p>\n","protected":false},"author":2,"featured_media":0,"parent":0,"menu_order":0,"comment_status":"closed","ping_status":"closed","template":"","meta":{"footnotes":""},"class_list":["post-72","page","type-page","status-publish","hentry","description-off"],"_links":{"self":[{"href":"https:\/\/www.lesigne.be\/index.php\/wp-json\/wp\/v2\/pages\/72","targetHints":{"allow":["GET"]}}],"collection":[{"href":"https:\/\/www.lesigne.be\/index.php\/wp-json\/wp\/v2\/pages"}],"about":[{"href":"https:\/\/www.lesigne.be\/index.php\/wp-json\/wp\/v2\/types\/page"}],"author":[{"embeddable":true,"href":"https:\/\/www.lesigne.be\/index.php\/wp-json\/wp\/v2\/users\/2"}],"replies":[{"embeddable":true,"href":"https:\/\/www.lesigne.be\/index.php\/wp-json\/wp\/v2\/comments?post=72"}],"version-history":[{"count":6,"href":"https:\/\/www.lesigne.be\/index.php\/wp-json\/wp\/v2\/pages\/72\/revisions"}],"predecessor-version":[{"id":439,"href":"https:\/\/www.lesigne.be\/index.php\/wp-json\/wp\/v2\/pages\/72\/revisions\/439"}],"wp:attachment":[{"href":"https:\/\/www.lesigne.be\/index.php\/wp-json\/wp\/v2\/media?parent=72"}],"curies":[{"name":"wp","href":"https:\/\/api.w.org\/{rel}","templated":true}]}}