{"id":700,"date":"2022-01-29T18:47:19","date_gmt":"2022-01-29T17:47:19","guid":{"rendered":"https:\/\/www.lesigne.be\/?page_id=700"},"modified":"2023-02-23T17:16:42","modified_gmt":"2023-02-23T16:16:42","slug":"solidactions","status":"publish","type":"page","link":"https:\/\/www.lesigne.be\/index.php\/solidactions\/","title":{"rendered":"Solid&rsquo;Actions"},"content":{"rendered":"\n<p>Ce projet a pour ambition de mener des actions au sein d\u2019\u00e9coles mises en lien avec le r\u00e9seau des professionnels de l\u2019aide \u00e0 la Jeunesse et acteurs scolaires. Il s\u2019agira de proposer durant trois ann\u00e9es des pistes d\u2019actions concr\u00e8tes et tenter de juguler les constats exprim\u00e9s dans le diagnostic social&nbsp;: d\u00e9crochage scolaire, tensions, ph\u00e9nom\u00e8nes de violences, harc\u00e8lement, \u2026 autant de difficult\u00e9s qui, pour la plupart, sont ou risquent d\u2019\u00eatre exacerb\u00e9es dans ce contexte de crise sanitaire.<\/p>\n\n\n\n<p>Il s\u2019agira d\u2019ajuster les offres de services existantes dans le r\u00e9seau et de renforcer la pr\u00e9sence des AMO dans les \u00e9coles, en partenariat avec les acteurs scolaires (services de m\u00e9diation scolaire, \u00e9quipes mobiles, PMS, &#8230; )<\/p>\n\n\n\n<p>Les jeunes seront au centre de l\u2019action&nbsp;: ils seront d\u2019abord accompagn\u00e9s et soutenus par les acteurs solaires et les AMO dans une logique d\u2019identification et d\u2019expression de leurs besoins&nbsp;: recueil de la parole des jeunes.<\/p>\n\n\n\n<p>Ensuite, ce projet permettra aux jeunes \u00ab&nbsp;d\u2019agir sur leur situation&nbsp;\u00bb. En effet, encourager le fait qu\u2019ils soient acteurs d\u2019initiatives pourra participer \u00e0 transformer les tensions latentes (ph\u00e9nom\u00e8ne de violences, harc\u00e8lement, ..) en projets cr\u00e9atifs et permettra de dissiper, le cas \u00e9ch\u00e9ant, les sentiments de d\u00e9pression g\u00e9n\u00e9r\u00e9s par le contexte sanitaire.<\/p>\n\n\n\n<p>Projet en partenariat avec les <a rel=\"noreferrer noopener\" href=\"http:\/\/www.sdj.be\/presentation\/charleroi\/\" target=\"_blank\">AMO SDJ<\/a>, <a rel=\"noreferrer noopener\" href=\"https:\/\/pointjaune.be\/\" data-type=\"URL\" data-id=\"https:\/\/pointjaune.be\/\" target=\"_blank\">POINT JAUNE<\/a> et l&rsquo;<a href=\"https:\/\/www.ajmo.be\/\" target=\"_blank\" rel=\"noreferrer noopener\">AJMO<\/a> dans le cadre du plan d\u2019action 22\/24 du conseil de pr\u00e9vention.<\/p>\n\n\n\n<p><strong>Contact<\/strong>: Marine Ravignon<\/p>\n\n\n\n<p><a href=\"mailto:solidactions.mr@gmail.com\" target=\"_blank\" rel=\"noreferrer noopener\">solidactions.mr@gmail.com<\/a><\/p>\n\n\n<div class=\"wp-block-image\">\n<figure class=\"aligncenter size-large\"><img fetchpriority=\"high\" decoding=\"async\" width=\"724\" height=\"1024\" src=\"https:\/\/www.lesigne.be\/wp-content\/uploads\/2023\/02\/SOLIDactions-724x1024.jpg\" alt=\"\" class=\"wp-image-857\" srcset=\"https:\/\/www.lesigne.be\/wp-content\/uploads\/2023\/02\/SOLIDactions-724x1024.jpg 724w, https:\/\/www.lesigne.be\/wp-content\/uploads\/2023\/02\/SOLIDactions-212x300.jpg 212w, https:\/\/www.lesigne.be\/wp-content\/uploads\/2023\/02\/SOLIDactions-768x1086.jpg 768w, https:\/\/www.lesigne.be\/wp-content\/uploads\/2023\/02\/SOLIDactions-1086x1536.jpg 1086w, https:\/\/www.lesigne.be\/wp-content\/uploads\/2023\/02\/SOLIDactions-1448x2048.jpg 1448w, https:\/\/www.lesigne.be\/wp-content\/uploads\/2023\/02\/SOLIDactions.jpg 1587w\" sizes=\"(max-width: 724px) 100vw, 724px\" \/><\/figure>\n<\/div>","protected":false},"excerpt":{"rendered":"<p>Ce projet a pour ambition de mener des actions au sein d\u2019\u00e9coles mises en lien avec le r\u00e9seau des professionnels de l\u2019aide \u00e0 la Jeunesse et acteurs scolaires. Il s\u2019agira de proposer durant trois ann\u00e9es des pistes d\u2019actions concr\u00e8tes et tenter de juguler les constats exprim\u00e9s dans le diagnostic social&nbsp;: d\u00e9crochage scolaire, tensions, ph\u00e9nom\u00e8nes de&hellip;<\/p>\n","protected":false},"author":2,"featured_media":0,"parent":0,"menu_order":0,"comment_status":"closed","ping_status":"closed","template":"","meta":{"footnotes":""},"class_list":["post-700","page","type-page","status-publish","hentry","description-off"],"_links":{"self":[{"href":"https:\/\/www.lesigne.be\/index.php\/wp-json\/wp\/v2\/pages\/700","targetHints":{"allow":["GET"]}}],"collection":[{"href":"https:\/\/www.lesigne.be\/index.php\/wp-json\/wp\/v2\/pages"}],"about":[{"href":"https:\/\/www.lesigne.be\/index.php\/wp-json\/wp\/v2\/types\/page"}],"author":[{"embeddable":true,"href":"https:\/\/www.lesigne.be\/index.php\/wp-json\/wp\/v2\/users\/2"}],"replies":[{"embeddable":true,"href":"https:\/\/www.lesigne.be\/index.php\/wp-json\/wp\/v2\/comments?post=700"}],"version-history":[{"count":3,"href":"https:\/\/www.lesigne.be\/index.php\/wp-json\/wp\/v2\/pages\/700\/revisions"}],"predecessor-version":[{"id":860,"href":"https:\/\/www.lesigne.be\/index.php\/wp-json\/wp\/v2\/pages\/700\/revisions\/860"}],"wp:attachment":[{"href":"https:\/\/www.lesigne.be\/index.php\/wp-json\/wp\/v2\/media?parent=700"}],"curies":[{"name":"wp","href":"https:\/\/api.w.org\/{rel}","templated":true}]}}