{"id":671,"date":"2022-01-29T17:15:05","date_gmt":"2022-01-29T16:15:05","guid":{"rendered":"https:\/\/www.lesigne.be\/?page_id=671"},"modified":"2022-11-24T23:28:19","modified_gmt":"2022-11-24T22:28:19","slug":"travail-social-de-rue","status":"publish","type":"page","link":"https:\/\/www.lesigne.be\/index.php\/travail-social-de-rue\/","title":{"rendered":"Travail social de rue"},"content":{"rendered":"\n<p>L\u2019objectif de cette action est de cr\u00e9er du lien social en allant \u00e0 la rencontre des jeunes dans leur environnement tout en informant des missions des AMO et des services qui peuvent accompagner et aider ces m\u00eames-jeunes. Notre travail de rue s\u2019effectue, actuellement, les mercredis au Parc Lambert de Charleroi Nord o\u00f9 nous sommes d\u00e9j\u00e0 actifs gr\u00e2ce au projet Out-team d\u00e9taill\u00e9 ci-dessus et le jeudi sur le temps de midi aux alentours des \u00e9coles de notre quartier.&nbsp;Le travail de rue souhaite entretenir le lien avec les jeunes pour pr\u00e9venir la rupture sociale.<\/p>\n\n\n\n<p><strong>Personne responsable du projet au sein de l\u2019AMO<\/strong> : <a href=\"tel:0484579223\">Cassie DELHAYE \u2013 0484\/57.92.23<\/a><\/p>\n","protected":false},"excerpt":{"rendered":"<p>L\u2019objectif de cette action est de cr\u00e9er du lien social en allant \u00e0 la rencontre des jeunes dans leur environnement tout en informant des missions des AMO et des services qui peuvent accompagner et aider ces m\u00eames-jeunes. Notre travail de rue s\u2019effectue, actuellement, les mercredis au Parc Lambert de Charleroi Nord o\u00f9 nous sommes d\u00e9j\u00e0&hellip;<\/p>\n","protected":false},"author":2,"featured_media":0,"parent":0,"menu_order":0,"comment_status":"closed","ping_status":"closed","template":"","meta":{"footnotes":""},"class_list":["post-671","page","type-page","status-publish","hentry","description-off"],"_links":{"self":[{"href":"https:\/\/www.lesigne.be\/index.php\/wp-json\/wp\/v2\/pages\/671","targetHints":{"allow":["GET"]}}],"collection":[{"href":"https:\/\/www.lesigne.be\/index.php\/wp-json\/wp\/v2\/pages"}],"about":[{"href":"https:\/\/www.lesigne.be\/index.php\/wp-json\/wp\/v2\/types\/page"}],"author":[{"embeddable":true,"href":"https:\/\/www.lesigne.be\/index.php\/wp-json\/wp\/v2\/users\/2"}],"replies":[{"embeddable":true,"href":"https:\/\/www.lesigne.be\/index.php\/wp-json\/wp\/v2\/comments?post=671"}],"version-history":[{"count":4,"href":"https:\/\/www.lesigne.be\/index.php\/wp-json\/wp\/v2\/pages\/671\/revisions"}],"predecessor-version":[{"id":823,"href":"https:\/\/www.lesigne.be\/index.php\/wp-json\/wp\/v2\/pages\/671\/revisions\/823"}],"wp:attachment":[{"href":"https:\/\/www.lesigne.be\/index.php\/wp-json\/wp\/v2\/media?parent=671"}],"curies":[{"name":"wp","href":"https:\/\/api.w.org\/{rel}","templated":true}]}}