{"id":539,"date":"2020-12-01T12:45:47","date_gmt":"2020-12-01T11:45:47","guid":{"rendered":"http:\/\/www.lesigne.be\/?page_id=539"},"modified":"2022-01-29T17:21:04","modified_gmt":"2022-01-29T16:21:04","slug":"projet-ados","status":"publish","type":"page","link":"https:\/\/www.lesigne.be\/index.php\/prevention-sociale\/projet-ados\/","title":{"rendered":"Projet \u00ab\u00a0ADOS\u00a0\u00bb"},"content":{"rendered":"<p>En r\u00e9ponse \u00e0 la crise sanitaire qui frappe les \u00e9tudiants de l&rsquo;Enseignement Secondaire, l&rsquo;\u00e9quipe de l&rsquo;AMO Le Signe a d\u00e9cid\u00e9 de mettre en place une s\u00e9rie de dispositifs. En effet, certains jeunes sont plus impact\u00e9s que d&rsquo;autres par la mesure de cours \u00e0 distance. L&rsquo;objectif est de pr\u00e9venir le d\u00e9crochage en entretenant l&rsquo;accrochage scolaire du jeune.<\/p>\n<p>C&rsquo;est pourquoi nous proposons \u00e0 ces jeunes:<\/p>\n<ul>\n<li>Un espace de parole\u00a0;<\/li>\n<li>Des accompagnements\u00a0: soit individuels, soit collectifs\u00a0;<\/li>\n<li>D&rsquo;\u00eatre un trait d\u2019union entre le jeune, l\u2019\u00e9cole et la famille\u00a0;<\/li>\n<li>Une salle multim\u00e9dia est \u00e0 disposition.<\/li>\n<\/ul>\n<p>En plus de ces propositions, l&rsquo;AMO a d\u00e9velopp\u00e9 un plateforme d&rsquo;entraide par les pairs. Celle-ci se trouve sur notre page Facebook \u00ab\u00a0Le Signe AMO\u00a0\u00bb et s&rsquo;intitule \u00ab\u00a0Espace d&rsquo;entraide scolaire pour les \u00e9tudiants du secondaire de Charleroi\u00a0\u00bb<\/p>\n<p>Comment entrer en contact avec notre service ?<\/p>\n<ul>\n<li>Par t\u00e9l\u00e9phone au 071\/30.28.88 ou au 0484\/57.92.23<\/li>\n<li>Par mail \u00e0 <a href=\"mailto:cassie@lesigne.be\">cassie@lesigne.be<\/a><\/li>\n<li>Par facebook \/ messenger sur \u00ab\u00a0<a href=\"https:\/\/www.facebook.com\/LesigneAMO\" target=\"_blank\" rel=\"noopener\">Le Signe AMO<\/a>\u00ab\u00a0<\/li>\n<li>Par notre profil instagram : <a href=\"https:\/\/www.instagram.com\/lesigne_amo\/\" target=\"_blank\" rel=\"noopener\">lesigne_amo<\/a><\/li>\n<\/ul>\n<p>Nos horaires d&rsquo;accessibilit\u00e9:<\/p>\n<ul>\n<li>Mardi, Jeudi, Vendredi de 9h00 \u00e0 14h30.<\/li>\n<li>Mercredi de 9h00 \u00e0 12h00.<\/li>\n<li>Sur rendez-vous.<\/li>\n<\/ul>\n<p>Personne responsable du projet au sein de l\u2019AMO : <a href=\"tel:0484579223\">Cassie DELHAYE &#8211; 0484\/57.92.23<\/a><\/p>\n\n\n<p><\/p>\n","protected":false},"excerpt":{"rendered":"<p>En r\u00e9ponse \u00e0 la crise sanitaire qui frappe les \u00e9tudiants de l&rsquo;Enseignement Secondaire, l&rsquo;\u00e9quipe de l&rsquo;AMO Le Signe a d\u00e9cid\u00e9 de mettre en place une s\u00e9rie de dispositifs. En effet, certains jeunes sont plus impact\u00e9s que d&rsquo;autres par la mesure de cours \u00e0 distance. L&rsquo;objectif est de pr\u00e9venir le d\u00e9crochage en entretenant l&rsquo;accrochage scolaire du&hellip;<\/p>\n","protected":false},"author":2,"featured_media":0,"parent":72,"menu_order":0,"comment_status":"closed","ping_status":"closed","template":"","meta":{"footnotes":""},"class_list":["post-539","page","type-page","status-publish","hentry","description-off"],"_links":{"self":[{"href":"https:\/\/www.lesigne.be\/index.php\/wp-json\/wp\/v2\/pages\/539","targetHints":{"allow":["GET"]}}],"collection":[{"href":"https:\/\/www.lesigne.be\/index.php\/wp-json\/wp\/v2\/pages"}],"about":[{"href":"https:\/\/www.lesigne.be\/index.php\/wp-json\/wp\/v2\/types\/page"}],"author":[{"embeddable":true,"href":"https:\/\/www.lesigne.be\/index.php\/wp-json\/wp\/v2\/users\/2"}],"replies":[{"embeddable":true,"href":"https:\/\/www.lesigne.be\/index.php\/wp-json\/wp\/v2\/comments?post=539"}],"version-history":[{"count":8,"href":"https:\/\/www.lesigne.be\/index.php\/wp-json\/wp\/v2\/pages\/539\/revisions"}],"predecessor-version":[{"id":675,"href":"https:\/\/www.lesigne.be\/index.php\/wp-json\/wp\/v2\/pages\/539\/revisions\/675"}],"up":[{"embeddable":true,"href":"https:\/\/www.lesigne.be\/index.php\/wp-json\/wp\/v2\/pages\/72"}],"wp:attachment":[{"href":"https:\/\/www.lesigne.be\/index.php\/wp-json\/wp\/v2\/media?parent=539"}],"curies":[{"name":"wp","href":"https:\/\/api.w.org\/{rel}","templated":true}]}}