{"id":533,"date":"2020-11-24T13:56:41","date_gmt":"2020-11-24T12:56:41","guid":{"rendered":"http:\/\/www.lesigne.be\/?page_id=533"},"modified":"2025-02-25T10:10:21","modified_gmt":"2025-02-25T09:10:21","slug":"orientation-scolaire","status":"publish","type":"page","link":"https:\/\/www.lesigne.be\/index.php\/prevention-sociale\/orientation-scolaire\/","title":{"rendered":"Orientation scolaire"},"content":{"rendered":"<p>Nous proposons un accompagnement individuel pour les jeunes en difficult\u00e9 ou en recherche au niveau de leur orientation professionnelle et scolaire et qui sont \u00e2g\u00e9s entre 16 et moins de 22 ans.<\/p>\n<p>Cet accompagnement s\u2019effectue gr\u00e2ce \u00e0 plusieurs mod\u00e8les de personnalit\u00e9s \u00e9prouv\u00e9s dont le principal est l\u2019enn\u00e9agramme.<\/p>\n<p>L\u2019objectif est d\u2019apprendre \u00e0 se connaitre et de comprendre les processus que nous effectuons inconsciemment au quotidien et ce afin de r\u00e9aliser des choix, notamment d\u2019\u00e9tude ou de formation en pleine conscience de nos forces et nos difficult\u00e9s.<\/p>\n<p>Durant l\u2019accompagnement, qui s\u2019effectue au travers de 3 entretiens de plus ou moins 1h30, le processus a pour but de mettre en lumi\u00e8re les environnements de travail qui vous correspondent pour ensuite poser des choix en conscience.<\/p>\n<p>Pour un rendez-vous ou pour plus de renseignement n\u2019h\u00e9sitez pas \u00e0 nous contacter.<\/p>\n<p>Responsable de l\u2019orientation\u00a0: <a href=\"tel:071302888\">Detroz Clara \u2013 071\/30.28.88\u00a0&#8211; 0488\/45.88.87<\/a><\/p>\n","protected":false},"excerpt":{"rendered":"<p>Nous proposons un accompagnement individuel pour les jeunes en difficult\u00e9 ou en recherche au niveau de leur orientation professionnelle et scolaire et qui sont \u00e2g\u00e9s entre 16 et moins de 22 ans. Cet accompagnement s\u2019effectue gr\u00e2ce \u00e0 plusieurs mod\u00e8les de personnalit\u00e9s \u00e9prouv\u00e9s dont le principal est l\u2019enn\u00e9agramme. L\u2019objectif est d\u2019apprendre \u00e0 se connaitre et de&hellip;<\/p>\n","protected":false},"author":2,"featured_media":0,"parent":72,"menu_order":0,"comment_status":"closed","ping_status":"closed","template":"","meta":{"footnotes":""},"class_list":["post-533","page","type-page","status-publish","hentry","description-off"],"_links":{"self":[{"href":"https:\/\/www.lesigne.be\/index.php\/wp-json\/wp\/v2\/pages\/533","targetHints":{"allow":["GET"]}}],"collection":[{"href":"https:\/\/www.lesigne.be\/index.php\/wp-json\/wp\/v2\/pages"}],"about":[{"href":"https:\/\/www.lesigne.be\/index.php\/wp-json\/wp\/v2\/types\/page"}],"author":[{"embeddable":true,"href":"https:\/\/www.lesigne.be\/index.php\/wp-json\/wp\/v2\/users\/2"}],"replies":[{"embeddable":true,"href":"https:\/\/www.lesigne.be\/index.php\/wp-json\/wp\/v2\/comments?post=533"}],"version-history":[{"count":2,"href":"https:\/\/www.lesigne.be\/index.php\/wp-json\/wp\/v2\/pages\/533\/revisions"}],"predecessor-version":[{"id":960,"href":"https:\/\/www.lesigne.be\/index.php\/wp-json\/wp\/v2\/pages\/533\/revisions\/960"}],"up":[{"embeddable":true,"href":"https:\/\/www.lesigne.be\/index.php\/wp-json\/wp\/v2\/pages\/72"}],"wp:attachment":[{"href":"https:\/\/www.lesigne.be\/index.php\/wp-json\/wp\/v2\/media?parent=533"}],"curies":[{"name":"wp","href":"https:\/\/api.w.org\/{rel}","templated":true}]}}