{"id":507,"date":"2020-10-07T13:51:01","date_gmt":"2020-10-07T12:51:01","guid":{"rendered":"http:\/\/www.lesigne.be\/?page_id=507"},"modified":"2025-05-22T12:26:25","modified_gmt":"2025-05-22T11:26:25","slug":"demain-parents","status":"publish","type":"page","link":"https:\/\/www.lesigne.be\/index.php\/prevention-sociale\/demain-parents\/","title":{"rendered":"Demain Parents"},"content":{"rendered":"<p>Demain Parents est un projet, mis en place par une \u00e9quipe de travailleurs sociaux venant des quatre AMO du centre de Charleroi, qui aspire \u00e0 soutenir les familles (monoparentales, couples, parents, mineurs, \u2026) dans la mise en place d\u2019un environnement stable via le d\u00e9veloppement de comp\u00e9tences parentales.<\/p>\n<p>Demain Parents a pour objectif de tisser un r\u00e9seau personnalis\u00e9 autour des familles.<\/p>\n<p>Le projet propose un accompagnement au d\u00e9part de la grossesse, selon les besoins et au rythme des futurs parents.<\/p>\n<p><strong>Pour qui\u00a0?<\/strong><\/p>\n<ul>\n<li>Tout parent d\u00e9sireux d\u2019un accompagnement pendant la grossesse.<\/li>\n<li>Toute femme enceinte ayant besoin d\u2019informations, d\u2019accompagnement pour les d\u00e9marches administratives, sociales ou en recherche d\u2019un soutien familial et \u00e0 la parentalit\u00e9.<\/li>\n<li>Tout professionnel ayant connaissance d\u2019une situation \u00ab\u00a0plus fragile\u00a0\u00bb, n\u00e9cessitant un accompagnement compl\u00e9mentaire \u00e0 l\u2019aide d\u00e9j\u00e0 apport\u00e9e autour de la grossesse.<\/li>\n<li>Tout professionnel recherchant une orientation<\/li>\n<\/ul>\n<p><strong>Contact<\/strong><\/p>\n<p>Une question ? Une demande d\u2019accompagnement ? Nous sommes joignables au <a href=\"tel:0471175344\"><strong>0471\/17.53.44<\/strong><\/a> du lundi au vendredi de 9h \u00e0 17h.<\/p>\n","protected":false},"excerpt":{"rendered":"<p>Demain Parents est un projet, mis en place par une \u00e9quipe de travailleurs sociaux venant des quatre AMO du centre de Charleroi, qui aspire \u00e0 soutenir les familles (monoparentales, couples, parents, mineurs, \u2026) dans la mise en place d\u2019un environnement stable via le d\u00e9veloppement de comp\u00e9tences parentales. Demain Parents a pour objectif de tisser un&hellip;<\/p>\n","protected":false},"author":2,"featured_media":0,"parent":72,"menu_order":0,"comment_status":"closed","ping_status":"closed","template":"","meta":{"footnotes":""},"class_list":["post-507","page","type-page","status-publish","hentry","description-off"],"_links":{"self":[{"href":"https:\/\/www.lesigne.be\/index.php\/wp-json\/wp\/v2\/pages\/507","targetHints":{"allow":["GET"]}}],"collection":[{"href":"https:\/\/www.lesigne.be\/index.php\/wp-json\/wp\/v2\/pages"}],"about":[{"href":"https:\/\/www.lesigne.be\/index.php\/wp-json\/wp\/v2\/types\/page"}],"author":[{"embeddable":true,"href":"https:\/\/www.lesigne.be\/index.php\/wp-json\/wp\/v2\/users\/2"}],"replies":[{"embeddable":true,"href":"https:\/\/www.lesigne.be\/index.php\/wp-json\/wp\/v2\/comments?post=507"}],"version-history":[{"count":8,"href":"https:\/\/www.lesigne.be\/index.php\/wp-json\/wp\/v2\/pages\/507\/revisions"}],"predecessor-version":[{"id":1021,"href":"https:\/\/www.lesigne.be\/index.php\/wp-json\/wp\/v2\/pages\/507\/revisions\/1021"}],"up":[{"embeddable":true,"href":"https:\/\/www.lesigne.be\/index.php\/wp-json\/wp\/v2\/pages\/72"}],"wp:attachment":[{"href":"https:\/\/www.lesigne.be\/index.php\/wp-json\/wp\/v2\/media?parent=507"}],"curies":[{"name":"wp","href":"https:\/\/api.w.org\/{rel}","templated":true}]}}