{"id":502,"date":"2020-09-16T13:41:56","date_gmt":"2020-09-16T12:41:56","guid":{"rendered":"http:\/\/www.lesigne.be\/?page_id=502"},"modified":"2025-12-30T11:51:13","modified_gmt":"2025-12-30T10:51:13","slug":"toudou","status":"publish","type":"page","link":"https:\/\/www.lesigne.be\/index.php\/prevention-sociale\/toudou\/","title":{"rendered":"Toudou"},"content":{"rendered":"<p>Toudou, reconnu comme lieu de rencontre enfants parents par l\u2019ONE, est un projet de soutien \u00e0 la parentalit\u00e9 destin\u00e9 aux enfants de 0 \u00e0 6 ans et \u00e0 leurs parents.<\/p>\n<p>Un espace d\u2019accueil s\u2019organise tous les mardis et les mercredis matin entre 9h30 et 12h &#8211; en dehors des cong\u00e9s scolaires &#8211; o\u00f9 les familles sont accueillies par des intervenants sociaux tout en ayant l\u2019occasion d\u2019\u00e9changer avec les autres parents concernant leurs propres v\u00e9cus\/exp\u00e9riences.<\/p>\n<p>Les principes d\u2019\u00e9ducation permanente, d\u2019inclusion sociale et culturelle sont donc au centre de ce projet ax\u00e9 prioritairement sur une intervention positive de renforcement du lien. De plus, Toudou favorise une transition douce des enfants vers l\u2019entr\u00e9e dans une collectivit\u00e9 telle que la cr\u00e8che et\/ou l\u2019\u00e9cole maternelle.<\/p>\n<p>Ce projet souhaite donc\u00a0:<br \/>&#8211; pr\u00e9venir les \u00e9ventuelles difficult\u00e9s li\u00e9es \u00e0 la parentalit\u00e9 en offrant un espace convivial favorisant la parole, l\u2019expression et le jeu pour parents et enfants\u00a0;<br \/>&#8211; offrir aux familles du quartier et de ses environs, ainsi qu\u2019aux familles orient\u00e9es par les partenaires, un lieu de rencontre et d\u2019\u00e9changes sur la vie quotidienne en tant que parents ;<br \/>&#8211; donner l\u2019occasion pour des habitants du quartier de se d\u00e9couvrir alors qu\u2019ils ne se connaissent pas.<\/p>\n<p>Les enfants et leurs parents y sont reconnus dans leurs difficult\u00e9s, mais aussi dans leurs comp\u00e9tences qui sont valoris\u00e9es. Dans une perspective d\u2019autonomisation, de responsabilisation, d\u2019\u00e9mancipation et d\u2019insertion, Toudou leur offre l\u2019opportunit\u00e9 d\u2019\u00eatre des acteurs de changements dans leurs difficult\u00e9s quotidiennes.\u00a0<\/p>\n<p>De la psychomotricit\u00e9 relationnelle de groupe (et en individuel \u00e0 la demande des parents) est organis\u00e9e deux fois par mois ainsi que des \u00e9changes avec des facilitateurs sant\u00e9 permettant d\u2019ouvrir l\u2019acc\u00e8s aux soins de sant\u00e9 aux familles (recherche de m\u00e9decins, sp\u00e9cialistes, probl\u00e8me de mutuelle, mise en place d\u2019interpr\u00e8tes, accompagnement, \u2026).<\/p>\n<p>Ponctuellement, pendant les cong\u00e9s scolaires, la pu\u00e9ricultrice organise des activit\u00e9s th\u00e9matiques \u00e0 l\u2019AMO (atelier cuisine) ou en dehors (piscine).<\/p>\n<p>De mani\u00e8re g\u00e9n\u00e9rale, le territoire d\u2019action de l\u2019AMO, le Grand Charleroi, est marqu\u00e9 par un contexte \u00e9conomique difficile ainsi qu\u2019une population multiculturelle. Ces caract\u00e9ristiques, cumulables, sont autant de facteurs de dissociation du lien social, si n\u00e9cessaire \u00e0 l\u2019\u00eatre humain, qu\u2019on envisage comme une \u00ab\u00a0d\u00e9sint\u00e9gration\u00a0\u00bb du travail ou une \u00ab\u00a0d\u00e9sinsertion\u00a0\u00bb sociale. Toudou a pour pr\u00e9tention de contrer ce constat en stimulant la rencontre de l\u2019autre, et l\u2019int\u00e9gration sociale.\u00a0<\/p>\n<p>Il n\u2019est pas n\u00e9cessaire de s\u2019inscrire (sauf pour la psychomotricit\u00e9 individuelle) au pr\u00e9alable et l\u2019acc\u00e8s est totalement gratuit. Nous appuyons uniquement sur le fait que les enfants sont sous la surveillance des parents.<\/p>\n<p><strong>Responsable du projet au sein de l\u2019AMO : <\/strong><a href=\"tel:0455128747\">Julie Germeau 071\/30.28.88 &#8211; 0455\/12.87.47<\/a><\/p>\n<p><strong>Co-intervenante : <\/strong><a href=\"tel:0455182930\">Charlotte Querton &#8211; 0455\/.18.29.30<\/a><\/p>\n\n\n<p><\/p>\n","protected":false},"excerpt":{"rendered":"<p>Toudou, reconnu comme lieu de rencontre enfants parents par l\u2019ONE, est un projet de soutien \u00e0 la parentalit\u00e9 destin\u00e9 aux enfants de 0 \u00e0 6 ans et \u00e0 leurs parents. Un espace d\u2019accueil s\u2019organise tous les mardis et les mercredis matin entre 9h30 et 12h &#8211; en dehors des cong\u00e9s scolaires &#8211; o\u00f9 les familles&hellip;<\/p>\n","protected":false},"author":2,"featured_media":0,"parent":72,"menu_order":0,"comment_status":"closed","ping_status":"closed","template":"","meta":{"footnotes":""},"class_list":["post-502","page","type-page","status-publish","hentry","description-off"],"_links":{"self":[{"href":"https:\/\/www.lesigne.be\/index.php\/wp-json\/wp\/v2\/pages\/502","targetHints":{"allow":["GET"]}}],"collection":[{"href":"https:\/\/www.lesigne.be\/index.php\/wp-json\/wp\/v2\/pages"}],"about":[{"href":"https:\/\/www.lesigne.be\/index.php\/wp-json\/wp\/v2\/types\/page"}],"author":[{"embeddable":true,"href":"https:\/\/www.lesigne.be\/index.php\/wp-json\/wp\/v2\/users\/2"}],"replies":[{"embeddable":true,"href":"https:\/\/www.lesigne.be\/index.php\/wp-json\/wp\/v2\/comments?post=502"}],"version-history":[{"count":16,"href":"https:\/\/www.lesigne.be\/index.php\/wp-json\/wp\/v2\/pages\/502\/revisions"}],"predecessor-version":[{"id":1050,"href":"https:\/\/www.lesigne.be\/index.php\/wp-json\/wp\/v2\/pages\/502\/revisions\/1050"}],"up":[{"embeddable":true,"href":"https:\/\/www.lesigne.be\/index.php\/wp-json\/wp\/v2\/pages\/72"}],"wp:attachment":[{"href":"https:\/\/www.lesigne.be\/index.php\/wp-json\/wp\/v2\/media?parent=502"}],"curies":[{"name":"wp","href":"https:\/\/api.w.org\/{rel}","templated":true}]}}