{"id":328,"date":"2019-02-06T11:40:41","date_gmt":"2019-02-06T10:40:41","guid":{"rendered":"http:\/\/www.lesigne.be\/?page_id=328"},"modified":"2023-04-27T11:22:30","modified_gmt":"2023-04-27T10:22:30","slug":"nos-partenaires","status":"publish","type":"page","link":"https:\/\/www.lesigne.be\/index.php\/a-propos\/nos-partenaires\/","title":{"rendered":"Nos partenaires"},"content":{"rendered":"\t\t<div data-elementor-type=\"wp-page\" data-elementor-id=\"328\" class=\"elementor elementor-328\">\n\t\t\t\t\t\t<section class=\"elementor-section elementor-top-section elementor-element elementor-element-7e392264 elementor-section-boxed elementor-section-height-default elementor-section-height-default\" data-id=\"7e392264\" data-element_type=\"section\" data-e-type=\"section\">\n\t\t\t\t\t\t<div class=\"elementor-container elementor-column-gap-default\">\n\t\t\t\t\t<div class=\"elementor-column elementor-col-100 elementor-top-column elementor-element elementor-element-43f626cc\" data-id=\"43f626cc\" data-element_type=\"column\" data-e-type=\"column\">\n\t\t\t<div class=\"elementor-widget-wrap elementor-element-populated\">\n\t\t\t\t\t\t<div class=\"elementor-element elementor-element-48c0cef7 elementor-widget elementor-widget-text-editor\" data-id=\"48c0cef7\" data-element_type=\"widget\" data-e-type=\"widget\" data-widget_type=\"text-editor.default\">\n\t\t\t\t<div class=\"elementor-widget-container\">\n\t\t\t\t\t\t\t\t\t<p><a href=\"http:\/\/www.federation-wallonie-bruxelles.be\/\"><img decoding=\"async\" class=\"alignnone wp-image-334\" src=\"http:\/\/www.lesigne.be\/wp-content\/uploads\/2019\/02\/FWB-300x288.jpg\" alt=\"\" width=\"166\" height=\"159\" srcset=\"https:\/\/www.lesigne.be\/wp-content\/uploads\/2019\/02\/FWB-300x288.jpg 300w, https:\/\/www.lesigne.be\/wp-content\/uploads\/2019\/02\/FWB-768x736.jpg 768w, https:\/\/www.lesigne.be\/wp-content\/uploads\/2019\/02\/FWB-1024x982.jpg 1024w, https:\/\/www.lesigne.be\/wp-content\/uploads\/2019\/02\/FWB.jpg 1382w\" sizes=\"(max-width: 166px) 100vw, 166px\" \/><\/a><a href=\"https:\/\/www.one.be\/public\/\"><img decoding=\"async\" class=\"alignnone wp-image-336\" src=\"http:\/\/www.lesigne.be\/wp-content\/uploads\/2019\/02\/ONE-300x212.jpeg\" alt=\"\" width=\"221\" height=\"156\" srcset=\"https:\/\/www.lesigne.be\/wp-content\/uploads\/2019\/02\/ONE-300x212.jpeg 300w, https:\/\/www.lesigne.be\/wp-content\/uploads\/2019\/02\/ONE.jpeg 400w\" sizes=\"(max-width: 221px) 100vw, 221px\" \/><\/a><a href=\"https:\/\/www.arc-en-ciel.be\/\"><img decoding=\"async\" class=\"alignnone wp-image-273\" src=\"http:\/\/www.lesigne.be\/wp-content\/uploads\/2018\/08\/Arc-en-ciel-e1534753321158-300x205.jpg\" alt=\"\" width=\"203\" height=\"139\" srcset=\"https:\/\/www.lesigne.be\/wp-content\/uploads\/2018\/08\/Arc-en-ciel-e1534753321158-300x205.jpg 300w, https:\/\/www.lesigne.be\/wp-content\/uploads\/2018\/08\/Arc-en-ciel-e1534753321158.jpg 590w\" sizes=\"(max-width: 203px) 100vw, 203px\" \/><\/a><a href=\"https:\/\/www.loterie-nationale.be\/\"><img loading=\"lazy\" decoding=\"async\" class=\"alignnone wp-image-335\" src=\"http:\/\/www.lesigne.be\/wp-content\/uploads\/2019\/02\/Loterie-Nationale-300x169.jpg\" alt=\"\" width=\"233\" height=\"131\" srcset=\"https:\/\/www.lesigne.be\/wp-content\/uploads\/2019\/02\/Loterie-Nationale-300x169.jpg 300w, https:\/\/www.lesigne.be\/wp-content\/uploads\/2019\/02\/Loterie-Nationale.jpg 308w\" sizes=\"(max-width: 233px) 100vw, 233px\" \/><\/a><\/p><p><strong>\u00ab\u00a0Avec le soutien de la F\u00e9d\u00e9ration Wallonie-Bruxelles\u00a0\u00bb<\/strong><\/p><p><a href=\"https:\/\/www.cbc.be\/particuliers\/fr.html\"><img loading=\"lazy\" decoding=\"async\" class=\"alignnone wp-image-333\" src=\"http:\/\/www.lesigne.be\/wp-content\/uploads\/2019\/02\/CBC-300x300.jpg\" alt=\"\" width=\"156\" height=\"156\" srcset=\"https:\/\/www.lesigne.be\/wp-content\/uploads\/2019\/02\/CBC-300x300.jpg 300w, https:\/\/www.lesigne.be\/wp-content\/uploads\/2019\/02\/CBC-150x150.jpg 150w, https:\/\/www.lesigne.be\/wp-content\/uploads\/2019\/02\/CBC-768x768.jpg 768w, https:\/\/www.lesigne.be\/wp-content\/uploads\/2019\/02\/CBC.jpg 900w\" sizes=\"(max-width: 156px) 100vw, 156px\" \/><\/a><a href=\"https:\/\/www.bonnescauses.be\/fund\/fund?id=C1930340\"><img loading=\"lazy\" decoding=\"async\" class=\"alignnone wp-image-338\" src=\"http:\/\/www.lesigne.be\/wp-content\/uploads\/2019\/02\/Fonds-Delhaize-300x148.jpg\" alt=\"\" width=\"249\" height=\"123\" srcset=\"https:\/\/www.lesigne.be\/wp-content\/uploads\/2019\/02\/Fonds-Delhaize-300x148.jpg 300w, https:\/\/www.lesigne.be\/wp-content\/uploads\/2019\/02\/Fonds-Delhaize.jpg 500w\" sizes=\"(max-width: 249px) 100vw, 249px\" \/><\/a><a href=\"https:\/\/www.charleroi.be\/\"><img loading=\"lazy\" decoding=\"async\" class=\"alignnone wp-image-337\" src=\"http:\/\/www.lesigne.be\/wp-content\/uploads\/2019\/02\/Charleroi-Ville-Participation-Citoyenne.jpg\" alt=\"\" width=\"197\" height=\"174\" \/><\/a>\u00a0 \u00a0<a href=\"https:\/\/www.cap48.be\/\"><img loading=\"lazy\" decoding=\"async\" class=\"alignnone wp-image-341\" src=\"http:\/\/www.lesigne.be\/wp-content\/uploads\/2019\/02\/CAP48.jpg\" alt=\"\" width=\"137\" height=\"137\" srcset=\"https:\/\/www.lesigne.be\/wp-content\/uploads\/2019\/02\/CAP48.jpg 200w, https:\/\/www.lesigne.be\/wp-content\/uploads\/2019\/02\/CAP48-150x150.jpg 150w\" sizes=\"(max-width: 137px) 100vw, 137px\" \/><\/a><\/p><p><a href=\"https:\/\/www.cera.coop\/fr\/Particuliers\"><img loading=\"lazy\" decoding=\"async\" class=\"alignnone wp-image-400\" src=\"http:\/\/www.lesigne.be\/wp-content\/uploads\/2019\/11\/Cera.png\" alt=\"\" width=\"146\" height=\"146\" srcset=\"https:\/\/www.lesigne.be\/wp-content\/uploads\/2019\/11\/Cera.png 200w, https:\/\/www.lesigne.be\/wp-content\/uploads\/2019\/11\/Cera-150x150.png 150w\" sizes=\"(max-width: 146px) 100vw, 146px\" \/><\/a><a class=\"dt-pswp-item\" href=\"https:\/\/www.lesigne.be\/wp-content\/uploads\/2022\/02\/sanctionyour_goals.png\" data-dt-img-description=\"\" data-large_image_width=\"480\" data-large_image_height=\"360\"><img loading=\"lazy\" decoding=\"async\" class=\"alignnone wp-image-728\" src=\"https:\/\/www.lesigne.be\/wp-content\/uploads\/2022\/02\/sanctionyour_goals-300x225.png\" alt=\"\" width=\"195\" height=\"146\" srcset=\"https:\/\/www.lesigne.be\/wp-content\/uploads\/2022\/02\/sanctionyour_goals-300x225.png 300w, https:\/\/www.lesigne.be\/wp-content\/uploads\/2022\/02\/sanctionyour_goals.png 480w\" sizes=\"(max-width: 195px) 100vw, 195px\" \/><\/a><a class=\"dt-pswp-item\" href=\"https:\/\/www.lesigne.be\/wp-content\/uploads\/2023\/04\/LOGO_eu.jpg\" data-dt-img-description=\"\" data-large_image_width=\"381\" data-large_image_height=\"226\"><img loading=\"lazy\" decoding=\"async\" class=\"alignnone  wp-image-874\" src=\"https:\/\/www.lesigne.be\/wp-content\/uploads\/2023\/04\/LOGO_eu-300x178.jpg\" alt=\"\" width=\"260\" height=\"154\" srcset=\"https:\/\/www.lesigne.be\/wp-content\/uploads\/2023\/04\/LOGO_eu-300x178.jpg 300w, https:\/\/www.lesigne.be\/wp-content\/uploads\/2023\/04\/LOGO_eu.jpg 381w\" sizes=\"(max-width: 260px) 100vw, 260px\" \/><\/a><\/p><p>\u00ab\u00a0<strong>Cera. S\u2019investir dans le bien-\u00eatre et la prosp\u00e9rit\u00e9.\u00a0\u00bb<\/strong><\/p><p><strong><a class=\"dt-pswp-item\" href=\"https:\/\/www.lesigne.be\/wp-content\/uploads\/2022\/03\/telechargement.png\" data-dt-img-description=\"\" data-large_image_width=\"190\" data-large_image_height=\"265\"><img loading=\"lazy\" decoding=\"async\" class=\"alignnone wp-image-734\" src=\"https:\/\/www.lesigne.be\/wp-content\/uploads\/2022\/03\/telechargement.png\" alt=\"\" width=\"135\" height=\"188\" \/><\/a><\/strong><\/p>\t\t\t\t\t\t\t\t<\/div>\n\t\t\t\t<\/div>\n\t\t\t\t\t<\/div>\n\t\t<\/div>\n\t\t\t\t\t<\/div>\n\t\t<\/section>\n\t\t\t\t<\/div>\n\t\t","protected":false},"excerpt":{"rendered":"<p>\u00ab\u00a0Avec le soutien de la F\u00e9d\u00e9ration Wallonie-Bruxelles\u00a0\u00bb \u00a0 \u00a0 \u00ab\u00a0Cera. S\u2019investir dans le bien-\u00eatre et la prosp\u00e9rit\u00e9.\u00a0\u00bb<\/p>\n","protected":false},"author":2,"featured_media":0,"parent":18,"menu_order":0,"comment_status":"closed","ping_status":"closed","template":"","meta":{"footnotes":""},"class_list":["post-328","page","type-page","status-publish","hentry"],"_links":{"self":[{"href":"https:\/\/www.lesigne.be\/index.php\/wp-json\/wp\/v2\/pages\/328","targetHints":{"allow":["GET"]}}],"collection":[{"href":"https:\/\/www.lesigne.be\/index.php\/wp-json\/wp\/v2\/pages"}],"about":[{"href":"https:\/\/www.lesigne.be\/index.php\/wp-json\/wp\/v2\/types\/page"}],"author":[{"embeddable":true,"href":"https:\/\/www.lesigne.be\/index.php\/wp-json\/wp\/v2\/users\/2"}],"replies":[{"embeddable":true,"href":"https:\/\/www.lesigne.be\/index.php\/wp-json\/wp\/v2\/comments?post=328"}],"version-history":[{"count":17,"href":"https:\/\/www.lesigne.be\/index.php\/wp-json\/wp\/v2\/pages\/328\/revisions"}],"predecessor-version":[{"id":877,"href":"https:\/\/www.lesigne.be\/index.php\/wp-json\/wp\/v2\/pages\/328\/revisions\/877"}],"up":[{"embeddable":true,"href":"https:\/\/www.lesigne.be\/index.php\/wp-json\/wp\/v2\/pages\/18"}],"wp:attachment":[{"href":"https:\/\/www.lesigne.be\/index.php\/wp-json\/wp\/v2\/media?parent=328"}],"curies":[{"name":"wp","href":"https:\/\/api.w.org\/{rel}","templated":true}]}}