{"id":20,"date":"2016-05-07T09:11:09","date_gmt":"2016-05-07T08:11:09","guid":{"rendered":"http:\/\/www.lesigne.be\/?page_id=20"},"modified":"2024-07-23T15:10:54","modified_gmt":"2024-07-23T14:10:54","slug":"contact","status":"publish","type":"page","link":"https:\/\/www.lesigne.be\/index.php\/contact\/","title":{"rendered":"Contact"},"content":{"rendered":"<div class=\"wpb-content-wrapper\"><p>[vc_row type=\u00a0\u00bb1&Prime; margin_top=\u00a0\u00bb-50&Prime; margin_bottom=\u00a0\u00bb-50&Prime; padding_top=\u00a0\u00bb50&Prime; padding_bottom=\u00a0\u00bb50&Prime; bg_color=\u00a0\u00bb#ffffff\u00a0\u00bb][vc_column width=\u00a0\u00bb1\/3&Prime;][vc_column_text]<\/p>\n<h3>Coordonn\u00e9es<\/h3>\n<p>[\/vc_column_text][vc_column_text css=\u00a0\u00bb\u00a0\u00bb]<\/p>\n<h5>Adresse :<\/h5>\n<p>Rue du Laboratoire 27 &#8211; 6000 Charleroi<\/p>\n<h5>T\u00e9l\u00e9phones :<\/h5>\n<p><strong>AMO Le Signe :<\/strong> <a href=\"tel:071302888\">071\/30.28.88<\/a><\/p>\n<p><strong>Travail de rue : <\/strong><a href=\"tel:0484579223\">0484\/57.92.23<\/a><\/p>\n<p><strong>Amarrages<\/strong> <strong>:<\/strong> <a href=\"tel:0487461718\">0487\/46.17.18<\/a><\/p>\n<p><strong>Level Up :<\/strong> <a href=\"tel:0488\/75.77.80\">0488\/75.77.80<\/a><\/p>\n<p><strong>Transition :<\/strong> <a href=\"tel:0484579223\">0484\/57.92.23<\/a><\/p>\n<p><strong>Out-team :<\/strong> <a href=\"tel:0487461718\">0487\/46.17.18<\/a><\/p>\n<p><strong>Acrobate :<\/strong>\u00a0<a href=\"tel:0488458887\">0488\/45.88.87<\/a><\/p>\n<p><strong>Toudou :<\/strong> <a href=\"tel:0455128747\">0455\/12.87.47<\/a><\/p>\n<p><strong>Demain parents :<\/strong> <a href=\"tel:0471175344\">0471\/17.53.44<\/a><\/p>\n<p><strong>Orientation scolaire :<\/strong> <a href=\"tel:071302888\">0488\/45.88.87<\/a><\/p>\n<p><strong>Facebook :<\/strong> <a href=\"https:\/\/www.facebook.com\/LesigneAMO\" target=\"_blank\" rel=\"noopener\">Le Signe AMO<\/a><\/p>\n<p><strong>Instagram :<\/strong> <a href=\"https:\/\/www.instagram.com\/lesigne_amo\/\" target=\"_blank\" rel=\"noopener\">lesigne_amo<\/a><\/p>\n<h5>Emails :<\/h5>\n<p><strong>Informations, prises de rendez-vous, candidatures spontan\u00e9es : <\/strong><a href=\"mailto:secretariat@lesigne.be\">secretariat@lesigne.be<\/a><\/p>\n<p><strong>Demandes de stage:<\/strong>\u00a0<a href=\"mailto:cassie@lesigne.be\" target=\"_blank\" rel=\"noopener\">cassie@lesigne.be<\/a><\/p>\n<p><strong>Travail de rue : <\/strong>\u00a0<a href=\"mailto:cassie@lesigne.be\" target=\"_blank\" rel=\"noopener\">Cassie@lesigne.be<\/a><\/p>\n<p><strong>Out-team :<\/strong>\u00a0<a href=\"mailto:olivier@lesigne.be\" target=\"_blank\" rel=\"noopener\">Olivier@lesigne.be<\/a><\/p>\n<p><strong>Acrobate : <\/strong><a href=\"mailto:clara@lesigne.be\" target=\"_blank\" rel=\"noopener\">Clara@lesigne.be<\/a><\/p>\n<p><strong>Toudou :<\/strong>\u00a0<a href=\"mailto:julie@lesigne.be\" target=\"_blank\" rel=\"noopener\">Julie@lesigne.be<\/a><\/p>\n<p><strong>Demain parents :<\/strong>\u00a0<a href=\"mailto:julie@lesigne.be\" target=\"_blank\" rel=\"noopener\">Julie@lesigne.be<\/a><\/p>\n<p><strong>Amarrages :<\/strong> <a href=\"mailto:Olivier@lesigne.be\">Olivier@lesigne.be<\/a><\/p>\n<p><strong>Level Up : <\/strong><a href=\"mailto:Axelle@lesigne.be\">Axelle@lesigne.be<\/a><\/p>\n<p><strong>Transition :<\/strong> <a href=\"mailto:Cassie@lesigne.be\">Cassie@lesigne.be<\/a><\/p>\n<p><strong>Orientation scolaire : <\/strong><a href=\"mailto:Clara@lesigne.be\">Clara@lesigne.be<\/a><\/p>\n<p><strong>Direction:<\/strong>\u00a0<a href=\"mailto:direction@lesigne.be\" target=\"_blank\" rel=\"noopener\">Direction@lesigne.be<\/a><\/p>\n<h5>Permanences :<\/h5>\n<p>Les permanences fixes et sans rendez-vous sont organis\u00e9es\u00a0:<\/p>\n<ul>\n<li>\u00c0 l\u2019Antenne du Signe, \u00e0 la salle ALPHA rue d\u2019Himeji (rue Wauters) 156 \u00e0 6000 Charleroi, le lundi de 16h \u00e0 18h\u00a0;<\/li>\n<li>\u00c0 la Rue du Laboratoire 27, 6000 Charleroi le mercredi de 13h \u00e0 17h, le jeudi de 17h \u00e0 18h et chaque deuxi\u00e8me samedi du mois de 9h \u00e0 12h. L\u2019horaire des samedis varient en fonction des activit\u00e9s propos\u00e9es par l\u2019AMO (voir calendrier \u00e0 la page d\u2019accueil).<\/li>\n<\/ul>\n<p>Des rencontres en dehors de ces heures sont possibles sur RDV en prenant contact avec l\u2019\u00e9quipe au 071\/30.28.88.<\/p>\n<p><em><strong>Candidatures: uniquement les candidatures envoy\u00e9es par mail recevront une r\u00e9ponse.<\/strong><\/em><\/p>\n<div class=\"text_exposed_show\">\n<div class=\"text_exposed_show\"><\/div>\n<\/div>\n<p>[\/vc_column_text][\/vc_column][vc_column width=\u00a0\u00bb1\/3&Prime;][vc_column_text]<\/p>\n<h3>Plan d&rsquo;acc\u00e8s<\/h3>\n<p>[\/vc_column_text][vc_gmaps link=\u00a0\u00bb#E-8_JTNDaWZyYW1lJTIwc3JjJTNEJTIyaHR0cHMlM0ElMkYlMkZ3d3cuZ29vZ2xlLmNvbSUyRm1hcHMlMkZlbWJlZCUzRnBiJTNEJTIxMW0xOCUyMTFtMTIlMjExbTMlMjExZDI1NDIuNTE3NjMxMzAxNjkwNSUyMTJkNC40NDQ0MjMxNTE1NDA0MyUyMTNkNTAuNDEyODI2Njk3ODU1MTMlMjEybTMlMjExZjAlMjEyZjAlMjEzZjAlMjEzbTIlMjExaTEwMjQlMjEyaTc2OCUyMTRmMTMuMSUyMTNtMyUyMTFtMiUyMTFzMHg0N2MyMjYwYzFiY2VhODk5JTI1M0EweGE1ZTQ3MjhlNzZhNmNmOTYlMjEyc1J1ZSUyQmR1JTJCTGFib3JhdG9pcmUlMkIyNyUyNTJDJTJCNjAwMCUyQkNoYXJsZXJvaSUyMTVlMCUyMTNtMiUyMTFzZnIlMjEyc2JlJTIxNHYxNDY1NTQ1OTQxMTA0JTIyJTIwd2lkdGglM0QlMjI2MDAlMjIlMjBoZWlnaHQlM0QlMjI0NTAlMjIlMjBmcmFtZWJvcmRlciUzRCUyMjAlMjIlMjBzdHlsZSUzRCUyMmJvcmRlciUzQTAlMjIlMjBhbGxvd2Z1bGxzY3JlZW4lM0UlM0MlMkZpZnJhbWUlM0U=\u00a0\u00bb][\/vc_column][vc_column width=\u00a0\u00bb1\/3&Prime;][vc_column_text]<\/p>\n<h3>Formulaire de contact<\/h3>\n<p><em>En remplissant ce formulaire, vous consentez \u00e0 ce que nous enregistrions vos donn\u00e9es personnelles (Nom, email, t\u00e9l\u00e9phone) afin de pouvoir vous r\u00e9pondre.<\/em>[\/vc_column_text]<form class=\"dt-contact-form dt-form\" method=\"post\"><input type=\"hidden\" name=\"widget_id\" value=\"presscore-contact-form-widget--1\" \/><input type=\"hidden\" name=\"send_message\" value=\"\" \/><input type=\"hidden\" name=\"security_token\" value=\"37418540531453422d31\"\/><div class=\"form-fields\"><span class=\"form-name\"><label class=\"assistive-text\">Nom *<\/label><input type=\"text\" class=\"validate[required]\" placeholder=\"Nom *\" name=\"name\" value=\"\" aria-required=\"true\">\n<\/span><span class=\"form-mail\"><label class=\"assistive-text\">E-mail *<\/label><input type=\"text\" class=\"validate[required,custom[email]]\" placeholder=\"E-mail *\" name=\"email\" value=\"\" aria-required=\"true\">\n<\/span><span class=\"form-telephone\"><label class=\"assistive-text\">T\u00e9l\u00e9phone<\/label><input type=\"text\" placeholder=\"T\u00e9l\u00e9phone\" name=\"telephone\" value=\"\" aria-required=\"false\">\n<\/span><\/div><span class=\"form-message\"><label class=\"assistive-text\">Message *<\/label><textarea class=\"validate[required]\" placeholder=\"Message *\" name=\"message\" rows=\"6\" aria-required=\"true\"><\/textarea>\n<\/span><p><a href=\"#\" class=\"dt-btn dt-btn-m dt-btn-submit\" rel=\"nofollow\"><span>Envoyer<\/span><\/a><input class=\"assistive-text\" type=\"submit\" value=\"envoyer\"><\/p><\/form>\n[\/vc_column][\/vc_row]<\/p>\n<\/div>","protected":false},"excerpt":{"rendered":"<p>[vc_row type=\u00a0\u00bb1&Prime; margin_top=\u00a0\u00bb-50&Prime; margin_bottom=\u00a0\u00bb-50&Prime; padding_top=\u00a0\u00bb50&Prime; padding_bottom=\u00a0\u00bb50&Prime; bg_color=\u00a0\u00bb#ffffff\u00a0\u00bb][vc_column width=\u00a0\u00bb1\/3&Prime;][vc_column_text] Coordonn\u00e9es [\/vc_column_text][vc_column_text css=\u00a0\u00bb\u00a0\u00bb] Adresse : Rue du Laboratoire 27 &#8211; 6000 Charleroi T\u00e9l\u00e9phones : AMO Le Signe : 071\/30.28.88 Travail de rue : 0484\/57.92.23 Amarrages : 0487\/46.17.18 Level Up : 0488\/75.77.80 Transition : 0484\/57.92.23 Out-team : 0487\/46.17.18 Acrobate :\u00a00488\/45.88.87 Toudou : 0455\/12.87.47 Demain parents : 0471\/17.53.44 Orientation&hellip;<\/p>\n","protected":false},"author":2,"featured_media":0,"parent":0,"menu_order":0,"comment_status":"closed","ping_status":"closed","template":"","meta":{"footnotes":""},"class_list":["post-20","page","type-page","status-publish","hentry","description-off"],"_links":{"self":[{"href":"https:\/\/www.lesigne.be\/index.php\/wp-json\/wp\/v2\/pages\/20","targetHints":{"allow":["GET"]}}],"collection":[{"href":"https:\/\/www.lesigne.be\/index.php\/wp-json\/wp\/v2\/pages"}],"about":[{"href":"https:\/\/www.lesigne.be\/index.php\/wp-json\/wp\/v2\/types\/page"}],"author":[{"embeddable":true,"href":"https:\/\/www.lesigne.be\/index.php\/wp-json\/wp\/v2\/users\/2"}],"replies":[{"embeddable":true,"href":"https:\/\/www.lesigne.be\/index.php\/wp-json\/wp\/v2\/comments?post=20"}],"version-history":[{"count":65,"href":"https:\/\/www.lesigne.be\/index.php\/wp-json\/wp\/v2\/pages\/20\/revisions"}],"predecessor-version":[{"id":981,"href":"https:\/\/www.lesigne.be\/index.php\/wp-json\/wp\/v2\/pages\/20\/revisions\/981"}],"wp:attachment":[{"href":"https:\/\/www.lesigne.be\/index.php\/wp-json\/wp\/v2\/media?parent=20"}],"curies":[{"name":"wp","href":"https:\/\/api.w.org\/{rel}","templated":true}]}}