{"id":2,"date":"2016-05-04T13:20:54","date_gmt":"2016-05-04T12:20:54","guid":{"rendered":"http:\/\/www.lesigne.be\/?page_id=2"},"modified":"2026-03-16T15:48:02","modified_gmt":"2026-03-16T14:48:02","slug":"page-d-exemple","status":"publish","type":"page","link":"https:\/\/www.lesigne.be\/","title":{"rendered":"Accueil"},"content":{"rendered":"\t\t<div data-elementor-type=\"wp-page\" data-elementor-id=\"2\" class=\"elementor elementor-2\">\n\t\t\t\t\t\t<section class=\"elementor-section elementor-top-section elementor-element elementor-element-93b7c69 elementor-section-boxed elementor-section-height-default elementor-section-height-default\" data-id=\"93b7c69\" data-element_type=\"section\" data-e-type=\"section\">\n\t\t\t\t\t\t<div class=\"elementor-container elementor-column-gap-default\">\n\t\t\t\t\t<div class=\"elementor-column elementor-col-100 elementor-top-column elementor-element elementor-element-4b6c517c\" data-id=\"4b6c517c\" data-element_type=\"column\" data-e-type=\"column\">\n\t\t\t<div class=\"elementor-widget-wrap elementor-element-populated\">\n\t\t\t\t\t\t<div class=\"elementor-element elementor-element-6b73d317 elementor-widget elementor-widget-text-editor\" data-id=\"6b73d317\" data-element_type=\"widget\" data-e-type=\"widget\" data-widget_type=\"text-editor.default\">\n\t\t\t\t<div class=\"elementor-widget-container\">\n\t\t\t\t\t\t\t\t\t<p>\u00a0<\/p>\n<h2 style=\"text-align: center;\">L\u2019AMO Le Signe est un service d\u2019actions en milieu ouvert agr\u00e9\u00e9 et subventionn\u00e9 par la F\u00e9d\u00e9ration Wallonie-Bruxelles<\/h2>\n<p>\u00a0<\/p>\n<p style=\"text-align: center;\"><\/p>\n<h5 style=\"text-align: center;\">\u00a0<\/h5>\n<h5 style=\"text-align: center;\">Sa mission principale est de r\u00e9aliser des actions de pr\u00e9vention sociale et \u00e9ducative, au b\u00e9n\u00e9fice des jeunes d&rsquo;une zone d&rsquo;action d\u00e9termin\u00e9e, dans leur milieu de vie et dans leurs rapports avec leur environnement social, en l&rsquo;absence de mandat administratif ou judiciaire.<\/h5>\n<h5 style=\"text-align: center;\">L&rsquo;aide s\u2019adresse aux jeunes de 0 \u00e0 moins de 22 ans. Elle peut \u00eatre sollicit\u00e9e par le jeune lui-m\u00eame mais aussi par ses parents ou un familier.<\/h5>\n<h5 style=\"text-align: center;\">Le service intervient de mani\u00e8re non contraignante, en dehors de tout mandat. Chaque intervention est gratuite et confidentielle.<\/h5>\n<p>\u00a0<\/p>\n<p style=\"text-align: center;\">N&rsquo;h\u00e9sitez pas \u00e0 nous contacter pour toutes informations utiles au:<\/p>\n<h2 style=\"text-align: center;\"><a href=\"tel:+071302888\">+32 71 30 28 88<\/a><\/h2>\n<p>\u00a0<\/p>\n<h3 style=\"text-align: center;\">Nos permanences, sans rendez-vous sont :<\/h3>\n<h4 style=\"text-align: center;\"><strong>Lundi<\/strong>\u00a0de 16h \u00e0 18h \u00e0 la\u00a0<a href=\"https:\/\/www.google.be\/maps\/place\/Rue+Joseph+Wauters+156,+6000+Charleroi\/@50.4280383,4.4610592,17z\/data=!3m1!4b1!4m5!3m4!1s0x47c2261e27b0bd2d:0x1a337fe3888f713c!8m2!3d50.4280359!4d4.4626068\" target=\"_blank\" rel=\"noopener\">salle ALPHA rue d\u2019Himeji (rue Wauters) 156 \u00e0 6000 Charleroi<\/a><\/h4>\n<h4 style=\"text-align: center;\"><strong>Mercredi<\/strong>\u00a0de 13h \u00e0 17h \u00e0 l\u2019<a href=\"https:\/\/www.google.be\/maps\/place\/Rue+du+Laboratoire+27,+6000+Charleroi\/@50.41276,4.444428,17z\/data=!3m1!4b1!4m5!3m4!1s0x47c2260c1baa1551:0x99c65717f4b39767!8m2!3d50.4127566!4d4.4466167\" target=\"_blank\" rel=\"noopener\">AMO rue du laboratoire 27 \u00e0 6000 Charleroi<\/a>\u00a0<\/h4>\n<h4 style=\"text-align: center;\"><strong>Jeudi<\/strong>\u00a0de 17h \u00e0 18h \u00e0 l\u2019<a href=\"https:\/\/www.google.be\/maps\/place\/Rue+du+Laboratoire+27,+6000+Charleroi\/@50.41276,4.444428,17z\/data=!3m1!4b1!4m5!3m4!1s0x47c2260c1baa1551:0x99c65717f4b39767!8m2!3d50.4127566!4d4.4466167\" target=\"_blank\" rel=\"noopener\">AMO rue du laboratoire 27 \u00e0 6000 Charleroi<\/a><\/h4>\n<h3>\u00a0<\/h3>\n<h3 style=\"text-align: center;\">Et les jours suivants de 9h \u00e0 12h par t\u00e9l\u00e9phone (*) :\u00a0<\/h3>\n<p>\u00a0<\/p>\n<h4 style=\"text-align: center;\"><span style=\"color: #000000;\"><strong>Samedi 10\/01\/2026 : <\/strong>par t\u00e9l\u00e9phone au <a href=\"tel:0488458887\">0488\/45.88.87<\/a> (la travailleuse est en camp r\u00e9sidentiel avec les jeunes)\u202f;<\/span><\/h4>\n<h4 style=\"text-align: center;\"><span style=\"color: #000000;\"><strong>Samedi 07\/03\/2026 : <\/strong>par t\u00e9l\u00e9phone au <a href=\"tel:0484579223\">0484\/57.92.23<\/a> (la travailleuse est en activit\u00e9 ext\u00e9rieure)\u202f;<strong>\u00a0<\/strong><\/span><\/h4>\n<h4 style=\"text-align: center;\"><span style=\"color: #000000;\"><b>Samedi 27\/06\/2026<\/b> : par t\u00e9l\u00e9phone au <a href=\"tel:0488458887\">0488\/45.88.87<\/a> (la travailleuse est en camp r\u00e9sidentiel avec les jeunes) ;<\/span><\/h4>\n<h4 style=\"text-align: center;\"><span style=\"color: #000000;\"><b>Dimanche 28\/06\/2026<\/b> : par t\u00e9l\u00e9phone au <a href=\"tel:0488458887\">0488\/45.88.87<\/a> (la travailleuse est en <\/span><span style=\"color: #000000;\">camp r\u00e9sidentiel avec les jeunes<\/span><span style=\"color: #000000;\">) ;<\/span><\/h4>\n<h4 style=\"text-align: center;\"><span style=\"color: #000000;\"><b>Samedi 10\/10\/2026<\/b>\u00a0: de 9h \u00e0 12h \u00e0 l&rsquo;AMO ;<\/span><\/h4>\n<h4 style=\"text-align: center;\"><span style=\"color: #000000;\"><b>Samedi 07\/11\/2026<\/b>\u00a0: par t\u00e9l\u00e9phone au <\/span><span style=\"color: #000000;\"><a href=\"tel:0484579223\">0484\/57.92.23\u00a0<\/a><\/span><span style=\"color: #000000;\">(<\/span><span style=\"color: #000000;\">la travailleuse est en activit\u00e9 ext\u00e9rieure<\/span><span style=\"color: #000000;\">) ;<\/span><\/h4>\n<h4 style=\"text-align: center;\"><span style=\"color: #000000;\"><strong>Samedi 14\/11\/2026 : <\/strong>par t\u00e9l\u00e9phone au <a href=\"tel:0488458887\">0488\/45.88.87<\/a> (la travailleuse est en camp r\u00e9sidentiel avec les jeunes)\u202f;<\/span><\/h4>\n<h4 style=\"text-align: center;\"><span style=\"color: #000000;\"><b>Samedi 28\/11\/2026 : <\/b>par t\u00e9l\u00e9phone au <a href=\"tel:0487461718\">0487\/46.17.18<\/a> (le travailleur est en camp r\u00e9sidentiel avec les jeunes) ;<\/span><\/h4>\n<h4 style=\"text-align: center;\"><span style=\"color: #000000;\"><b><\/b><b>Dimanche 29\/11\/2026 : <\/b>par t\u00e9l\u00e9phone au <a href=\"tel:0487461718\">0487\/46.17.18<\/a> (le travailleur est en camp r\u00e9sidentiel avec les jeunes) ;<\/span><\/h4>\n<h4 style=\"text-align: center;\"><span style=\"color: #000000;\"><b>Samedi 12\/12\/2026<\/b>\u00a0: de 9h \u00e0 12h \u00e0 l&rsquo;AMO ;<\/span><\/h4>\n<h4 style=\"text-align: center;\"><span style=\"color: #000000;\"><b>Samedi 19\/12\/2026 : <\/b>par t\u00e9l\u00e9phone au <a href=\"tel:0488458887\">0488\/45.88.87<\/a> (la travailleuse est en camp r\u00e9sidentiel avec les jeunes) ;<\/span><\/h4>\n<h4 style=\"text-align: center;\"><span style=\"color: #000000;\"><b><\/b><b>Dimanche 20\/12\/2026 : <\/b>par t\u00e9l\u00e9phone au <a href=\"tel:0488458887\">0488\/45.88.87<\/a> (la travailleuse est en camp r\u00e9sidentiel avec les jeunes) ;<\/span><\/h4>\n<p>\u00a0<\/p>\n<hr \/>\n<p style=\"text-align: center;\">(*) Article 13. &#8211; \u00a7 1er. Les travailleurs du service sont accessibles facilement, directement et physiquement dans un lieu fixe ou de mani\u00e8re ambulatoire, dans des horaires r\u00e9guliers, notamment en dehors des heures de fr\u00e9quentation scolaire. Le service est accessible directement et sans rendez-vous tous les mercredis apr\u00e8s-midi et au moins 2 fois par semaine jusqu&rsquo;\u00e0 au moins 18h00. En outre, le service est accessible au moins 12 samedis, dimanches ou jours f\u00e9ri\u00e9s par an. Durant les p\u00e9riodes de cong\u00e9s scolaires, le service peut d\u00e9roger \u00e0 ces horaires. Le service veille \u00e0 ce que ses horaires d&rsquo;ouverture et d&rsquo;accessibilit\u00e9 soient facilement et en tout temps consultables.<span data-ccp-props=\"{&quot;201341983&quot;:0,&quot;335559739&quot;:0,&quot;335559740&quot;:240}\">\u00a0<\/span><\/p>\n<p style=\"text-align: center;\"><strong>Ces permanences sont maintenues durant toute l&rsquo;ann\u00e9e \u00e0 l&rsquo;exception des jours f\u00e9ri\u00e9s.<\/strong><\/p>\n<div>\u00a0<\/div>\n<p><\/p>\n<p><\/p>\t\t\t\t\t\t\t\t<\/div>\n\t\t\t\t<\/div>\n\t\t\t\t\t<\/div>\n\t\t<\/div>\n\t\t\t\t\t<\/div>\n\t\t<\/section>\n\t\t\t\t<\/div>\n\t\t","protected":false},"excerpt":{"rendered":"<p>\u00a0 L\u2019AMO Le Signe est un service d\u2019actions en milieu ouvert agr\u00e9\u00e9 et subventionn\u00e9 par la F\u00e9d\u00e9ration Wallonie-Bruxelles \u00a0 \u00a0 Sa mission principale est de r\u00e9aliser des actions de pr\u00e9vention sociale et \u00e9ducative, au b\u00e9n\u00e9fice des jeunes d&rsquo;une zone d&rsquo;action d\u00e9termin\u00e9e, dans leur milieu de vie et dans leurs rapports avec leur environnement social, en&hellip;<\/p>\n","protected":false},"author":2,"featured_media":0,"parent":0,"menu_order":0,"comment_status":"closed","ping_status":"open","template":"","meta":{"footnotes":""},"class_list":["post-2","page","type-page","status-publish","hentry"],"_links":{"self":[{"href":"https:\/\/www.lesigne.be\/index.php\/wp-json\/wp\/v2\/pages\/2","targetHints":{"allow":["GET"]}}],"collection":[{"href":"https:\/\/www.lesigne.be\/index.php\/wp-json\/wp\/v2\/pages"}],"about":[{"href":"https:\/\/www.lesigne.be\/index.php\/wp-json\/wp\/v2\/types\/page"}],"author":[{"embeddable":true,"href":"https:\/\/www.lesigne.be\/index.php\/wp-json\/wp\/v2\/users\/2"}],"replies":[{"embeddable":true,"href":"https:\/\/www.lesigne.be\/index.php\/wp-json\/wp\/v2\/comments?post=2"}],"version-history":[{"count":139,"href":"https:\/\/www.lesigne.be\/index.php\/wp-json\/wp\/v2\/pages\/2\/revisions"}],"predecessor-version":[{"id":1079,"href":"https:\/\/www.lesigne.be\/index.php\/wp-json\/wp\/v2\/pages\/2\/revisions\/1079"}],"wp:attachment":[{"href":"https:\/\/www.lesigne.be\/index.php\/wp-json\/wp\/v2\/media?parent=2"}],"curies":[{"name":"wp","href":"https:\/\/api.w.org\/{rel}","templated":true}]}}