{"id":166,"date":"2017-02-24T11:12:14","date_gmt":"2017-02-24T10:12:14","guid":{"rendered":"http:\/\/www.lesigne.be\/?page_id=166"},"modified":"2023-10-05T11:42:28","modified_gmt":"2023-10-05T10:42:28","slug":"out-team","status":"publish","type":"page","link":"https:\/\/www.lesigne.be\/index.php\/prevention-sociale\/out-team\/","title":{"rendered":"Out-Team"},"content":{"rendered":"<p>L\u2019AMO Le Signe lance le travail de rue dans diff\u00e9rents parcs de Charleroi, en 2017.<\/p>\n<p>Apr\u00e8s quelques zonages dans diff\u00e9rents parcs, l\u2019AMO s\u2019ancre dans le Parc Lambert \u00e0 Charleroi Nord o\u00f9 des dizaines de jeunes sont livr\u00e9s \u00e0 eux-m\u00eames.<\/p>\n<p>Les travailleurs sociaux instaurent alors une pr\u00e9sence en rue, dans ce Parc, 2 fois par semaine. S\u2019en suivent des animations de pr\u00e9vention (sexualit\u00e9, addictions, d\u00e9crochage scolaire), des actions ponctuelles de renforcement du lien (cin\u00e9ma, mini-foot, camps, \u2026) avec, toujours en toile de fond, un moment d\u2019\u00e9coute pour les jeunes qui en ont besoin. Une grande partie de ceux-ci demande ponctuellement de l\u2019aide individuelle \u00e9ducative \u00e0 l\u2019AMO dont certaines n\u00e9cessitent l\u2019ouverture de dossiers.<\/p>\n<p>Via notre pr\u00e9sence au parc et au travail mis en place, les jeunes souhaitent \u00eatre soutenus et accompagn\u00e9s dans la cr\u00e9ation d\u2019une maison de jeunes au sein de leur quartier. Nous travaillons actuellement \u00e0 la mise en place de celle-ci (recherche de locaux, soutien \u00e0 la constitution d\u2019une ASBL, d\u00e9veloppement de partenariats (Home Brichart, \u00e9coles, \u2026) et continuons le travail de rue initi\u00e9 il y a 4 ans.<\/p>\n<ul>\n<li>Tous les vendredis de 17h30 \u00e0 20h.<\/li>\n<li>Certains moments ponctuels comme les f\u00eates qui rythment l&rsquo;ann\u00e9e ou les demandes de certains jeunes.<\/li>\n<\/ul>\n<p>NB: Ces horaires et lieux de rencontre peuvent varier en fonction des demandes des jeunes et de certaines opportunit\u00e9s.<\/p>\n<p>D&rsquo;o\u00f9 vient le nom \u00ab\u00a0Out-team\u00a0\u00bb ?<br \/>\nAu fil du temps et apr\u00e8s plusieurs r\u00e9flexions avec les jeunes, HLM faisait r\u00e9f\u00e9rence \u00e0 ces buildings \u00e0 connotation que l&rsquo;on peut ressentir comme n\u00e9gative. C&rsquo;est pourquoi le groupe a choisi de cr\u00e9er sa propre identit\u00e9. Plusieurs id\u00e9es sont arriv\u00e9es sur la table, c&rsquo;est celle de \u00ab\u00a0Out-team\u00a0\u00bb qui a \u00e9t\u00e9 retenue par l&rsquo;ensemble du groupe et qui est traduite par \u00ab\u00a0L&rsquo;\u00e9quipe de dehors\u00a0\u00bb. Ceci fait r\u00e9f\u00e9rence au travail de rue et \u00e0 notre principal lieu de rassemblement.<\/p>\n<p><strong>Personne responsable du projet au sein de l\u2019AMO :<\/strong> <a href=\"tel:0496908612\" data-wplink-edit=\"true\">Olivier LETON &#8211; 0487\/46.17.18<\/a><\/p>\n","protected":false},"excerpt":{"rendered":"<p>L\u2019AMO Le Signe lance le travail de rue dans diff\u00e9rents parcs de Charleroi, en 2017. Apr\u00e8s quelques zonages dans diff\u00e9rents parcs, l\u2019AMO s\u2019ancre dans le Parc Lambert \u00e0 Charleroi Nord o\u00f9 des dizaines de jeunes sont livr\u00e9s \u00e0 eux-m\u00eames. Les travailleurs sociaux instaurent alors une pr\u00e9sence en rue, dans ce Parc, 2 fois par semaine.&hellip;<\/p>\n","protected":false},"author":2,"featured_media":0,"parent":72,"menu_order":0,"comment_status":"closed","ping_status":"closed","template":"","meta":{"footnotes":""},"class_list":["post-166","page","type-page","status-publish","hentry","description-off"],"_links":{"self":[{"href":"https:\/\/www.lesigne.be\/index.php\/wp-json\/wp\/v2\/pages\/166","targetHints":{"allow":["GET"]}}],"collection":[{"href":"https:\/\/www.lesigne.be\/index.php\/wp-json\/wp\/v2\/pages"}],"about":[{"href":"https:\/\/www.lesigne.be\/index.php\/wp-json\/wp\/v2\/types\/page"}],"author":[{"embeddable":true,"href":"https:\/\/www.lesigne.be\/index.php\/wp-json\/wp\/v2\/users\/2"}],"replies":[{"embeddable":true,"href":"https:\/\/www.lesigne.be\/index.php\/wp-json\/wp\/v2\/comments?post=166"}],"version-history":[{"count":33,"href":"https:\/\/www.lesigne.be\/index.php\/wp-json\/wp\/v2\/pages\/166\/revisions"}],"predecessor-version":[{"id":914,"href":"https:\/\/www.lesigne.be\/index.php\/wp-json\/wp\/v2\/pages\/166\/revisions\/914"}],"up":[{"embeddable":true,"href":"https:\/\/www.lesigne.be\/index.php\/wp-json\/wp\/v2\/pages\/72"}],"wp:attachment":[{"href":"https:\/\/www.lesigne.be\/index.php\/wp-json\/wp\/v2\/media?parent=166"}],"curies":[{"name":"wp","href":"https:\/\/api.w.org\/{rel}","templated":true}]}}